{"id":8954,"date":"2026-03-27T21:15:43","date_gmt":"2026-03-27T20:15:43","guid":{"rendered":"https:\/\/tempsetor.be\/galerie\/?post_type=product&#038;p=8954"},"modified":"2026-03-27T21:26:06","modified_gmt":"2026-03-27T20:26:06","slug":"bougie-baobab-arty-flowers-water-lily","status":"publish","type":"product","link":"https:\/\/tempsetor.be\/galerie\/produit\/bougie-baobab-arty-flowers-water-lily\/","title":{"rendered":"Bougie Baobab &#8211; Arty Flowers Water Lily"},"content":{"rendered":"<p>La bougie Arty Flowers de Baobab Collection associe design artistique et ambiance raffin\u00e9e pour sublimer votre int\u00e9rieur avec \u00e9l\u00e9gance.<\/p>\n","protected":false},"excerpt":{"rendered":"<p><img loading=\"lazy\" decoding=\"async\" class=\"size-full wp-image-4311 alignleft\" src=\"https:\/\/tempsetor.be\/galerie\/wp-content\/uploads\/2019\/03\/baobab.jpg\" alt=\"logo Baobab\" width=\"128\" height=\"142\" srcset=\"https:\/\/tempsetor.be\/galerie\/wp-content\/uploads\/2019\/03\/baobab.jpg 128w, https:\/\/tempsetor.be\/galerie\/wp-content\/uploads\/2019\/03\/baobab-45x50.jpg 45w, https:\/\/tempsetor.be\/galerie\/wp-content\/uploads\/2019\/03\/baobab-68x75.jpg 68w\" sizes=\"auto, (max-width:767px) 128px, 128px\" \/><\/p>\n<p data-start=\"860\" data-end=\"1034\">La bougie parfum\u00e9e Arty Flowers de Baobab Collection illustre parfaitement l\u2019expertise artisanale de la maison, reconnue pour ses cr\u00e9ations haut de gamme r\u00e9alis\u00e9es en Europe.<\/p>\n<p data-start=\"1036\" data-end=\"1275\">Issue de la collection Arty, elle se distingue par un design artistique unique qui transforme chaque bougie en v\u00e9ritable objet de d\u00e9coration. Son esth\u00e9tique expressive apporte une touche contemporaine et sophistiqu\u00e9e \u00e0 tous les int\u00e9rieurs.<\/p>\n<p data-start=\"1277\" data-end=\"1559\">Pens\u00e9e comme une pi\u00e8ce d\u00e9corative autant qu\u2019un \u00e9l\u00e9ment d\u2019ambiance, elle diffuse un parfum d\u00e9licat qui participe \u00e0 cr\u00e9er une atmosph\u00e8re chaleureuse et \u00e9l\u00e9gante. Chaque cr\u00e9ation olfactive de Baobab Collection est con\u00e7ue avec pr\u00e9cision pour offrir une exp\u00e9rience sensorielle immersive.<\/p>\n<p data-start=\"1561\" data-end=\"1748\">Arty Flowers s\u2019inscrit dans une d\u00e9marche o\u00f9 le savoir-faire artisanal rencontre l\u2019expression artistique, donnant naissance \u00e0 une bougie qui sublime l\u2019espace avec caract\u00e8re et raffinement.<\/p>\n<p data-start=\"2779\" data-end=\"2813\"><span style=\"font-size: 21px;\">Tailles disponibles en magasin (en cm)<\/span><\/p>\n<div class=\"icon_box_jmn\">\n<p><div class=\"column one-fourth mobile-one\"><div class=\"mcb-column-inner\"><div class=\"icon_box icon_position_top has_border\"><div class=\"icon_wrapper\"><div class=\"icon\"><i class=\"icon-bitbucket\" aria-hidden=\"true\"><\/i><\/div><\/div><div class=\"desc_wrapper\"><h4 class=\"title \">Max 10<\/h4><div class=\"desc\">97\u20ac<\/div><\/div><\/div>\n<\/div><\/div>\n<div class=\"column one-fourth mobile-one\"><div class=\"mcb-column-inner\"><div class=\"icon_box icon_position_top has_border\"><div class=\"icon_wrapper\"><div class=\"icon\"><i class=\"icon-bitbucket\" aria-hidden=\"true\"><\/i><\/div><\/div><div class=\"desc_wrapper\"><h4 class=\"title \">Max 16<\/h4><div class=\"desc\">132\u20ac<\/div><\/div><\/div>\n<\/div><\/div>\n<div class=\"column one-fourth mobile-one\"><div class=\"mcb-column-inner\"><div class=\"icon_box icon_position_top has_border\"><div class=\"icon_wrapper\"><div class=\"icon\"><i class=\"icon-bitbucket\" aria-hidden=\"true\"><\/i><\/div><\/div><div class=\"desc_wrapper\"><h4 class=\"title \">Max 24<\/h4><div class=\"desc\">260\u20ac<\/div><\/div><\/div>\n<\/div><\/div>\n<div class=\"column one-fourth mobile-one\"><div class=\"mcb-column-inner\"><div class=\"icon_box icon_position_top has_border\"><div class=\"icon_wrapper\"><div class=\"icon\"><i class=\"icon-bitbucket\" aria-hidden=\"true\"><\/i><\/div><\/div><div class=\"desc_wrapper\"><h4 class=\"title \">Max 35<\/h4><div class=\"desc\">\/<\/div><\/div><\/div>\n<\/div><\/div>\n<\/p>\n<\/div>\n<div class=\"icon_box_jmn\">\n<p><div class=\"alert alert_error\"><div class=\"alert_icon\"><svg viewBox=\"0 0 28 28\"><defs><style>.path{fill:none;stroke:#000;stroke-miterlimit:10;stroke-width:1.5px;}<\/style><\/defs><g><circle cx=\"14\" cy=\"20\" r=\"0.33\" class=\"path\"\/><line x1=\"14\" y1=\"8.72\" x2=\"14\" y2=\"16.72\" class=\"path\"\/><path d=\"M12.6,3.42,1.54,22.58A1.61,1.61,0,0,0,2.93,25H25.07a1.61,1.61,0,0,0,1.39-2.42L15.4,3.42A1.61,1.61,0,0,0,12.6,3.42Z\" class=\"path\"\/><\/g><\/svg><\/div><div class=\"alert_wrapper\">Le montant affich\u00e9 peut \u00eatre modifi\u00e9 par le fournisseur sans que nous en soyons inform\u00e9s. Une diff\u00e9rence entre le prix affich\u00e9 ici et en magasin reste possible.<\/div><a href=\"#\" class=\"close mfn-close-icon\"><span class=\"icon\">\u2715<\/span><\/a><\/div>\n<div class=\"alert alert_info\"><div class=\"alert_icon\"><svg viewBox=\"0 0 28 28\"><defs><style>.path{fill:none;stroke:#000;stroke-miterlimit:10;stroke-width:1.5px;}<\/style><\/defs><g><circle class=\"path\" cx=\"14\" cy=\"14\" r=\"12\"\/><path class=\"path\" d=\"M11.2,9.12a3.4,3.4,0,0,1,3-1.69,2.84,2.84,0,0,1,3,2.76,3.16,3.16,0,0,1-.84,2.23c-.63.74-1.58,1.18-2.19,1.88a1,1,0,0,0-.26.64v2.32\"\/><circle class=\"path\" cx=\"14\" cy=\"20\" r=\"0.33\"\/><\/g><\/svg><\/div><div class=\"alert_wrapper\">Faites vos demandes particuli\u00e8res ou passez votre commande via ce formulaire <\/div><a href=\"#\" class=\"close mfn-close-icon\"><span class=\"icon\">\u2715<\/span><\/a><\/div>\n <a class=\"button  button_size_3\" href=\"https:\/\/tempsetor.be\/galerie\/ma-commande\/\"     target=\"_blank\"    title=\"\"><span class=\"button_label\">&gt; Formulaire<\/span><\/a>\n<\/p>\n<\/div>\n","protected":false},"featured_media":8955,"template":"","meta":{"_monsterinsights_skip_tracking":false,"_monsterinsights_sitenote_active":false,"_monsterinsights_sitenote_note":"","_monsterinsights_sitenote_category":0},"product_brand":[],"product_cat":[1070,903,1005],"product_tag":[],"class_list":{"0":"post-8954","1":"product","2":"type-product","3":"status-publish","4":"has-post-thumbnail","6":"product_cat-accessoirelifestyle","7":"product_cat-baobab","8":"product_cat-baobab-bougies","10":"first","11":"instock","12":"shipping-taxable","13":"purchasable","14":"product-type-simple"},"_links":{"self":[{"href":"https:\/\/tempsetor.be\/galerie\/wp-json\/wp\/v2\/product\/8954","targetHints":{"allow":["GET"]}}],"collection":[{"href":"https:\/\/tempsetor.be\/galerie\/wp-json\/wp\/v2\/product"}],"about":[{"href":"https:\/\/tempsetor.be\/galerie\/wp-json\/wp\/v2\/types\/product"}],"wp:featuredmedia":[{"embeddable":true,"href":"https:\/\/tempsetor.be\/galerie\/wp-json\/wp\/v2\/media\/8955"}],"wp:attachment":[{"href":"https:\/\/tempsetor.be\/galerie\/wp-json\/wp\/v2\/media?parent=8954"}],"wp:term":[{"taxonomy":"product_brand","embeddable":true,"href":"https:\/\/tempsetor.be\/galerie\/wp-json\/wp\/v2\/product_brand?post=8954"},{"taxonomy":"product_cat","embeddable":true,"href":"https:\/\/tempsetor.be\/galerie\/wp-json\/wp\/v2\/product_cat?post=8954"},{"taxonomy":"product_tag","embeddable":true,"href":"https:\/\/tempsetor.be\/galerie\/wp-json\/wp\/v2\/product_tag?post=8954"}],"curies":[{"name":"wp","href":"https:\/\/api.w.org\/{rel}","templated":true}]}}