{"id":8971,"date":"2026-03-29T22:25:28","date_gmt":"2026-03-29T20:25:28","guid":{"rendered":"https:\/\/tempsetor.be\/galerie\/?post_type=product&#038;p=8971"},"modified":"2026-03-29T22:30:02","modified_gmt":"2026-03-29T20:30:02","slug":"montre-hommes-hamilton-jazzmaster-open-heart-h32675501","status":"publish","type":"product","link":"https:\/\/tempsetor.be\/galerie\/produit\/montre-hommes-hamilton-jazzmaster-open-heart-h32675501\/","title":{"rendered":"Montre hommes Hamilton &#8211;  Jazzmaster &#8211; Open Heart &#8211; H32675501"},"content":{"rendered":"<p>La Hamilton Jazzmaster Open Heart Auto H32675501 associe un bo\u00eetier de 40 mm en acier inoxydable \u00e0 un cadran champagne \u00e0 c\u0153ur ouvert, prot\u00e9g\u00e9 par un verre saphir avec traitement anti reflets. Son mouvement automatique H-10, sa r\u00e9serve de marche de 80 heures et son bracelet brun en cuir de veau soulignent l\u2019\u00e9quilibre entre \u00e9l\u00e9gance horlog\u00e8re et pr\u00e9cision contemporaine.<\/p>\n","protected":false},"excerpt":{"rendered":"<p><img loading=\"lazy\" decoding=\"async\" class=\"size-full wp-image-5425 alignleft\" src=\"https:\/\/www.tempsetor.be\/galerie\/wp-content\/uploads\/2020\/12\/Hamilton.png\" alt=\"logo Hamilton\" width=\"150\" height=\"29\" srcset=\"https:\/\/tempsetor.be\/galerie\/wp-content\/uploads\/2020\/12\/Hamilton.png 150w, https:\/\/tempsetor.be\/galerie\/wp-content\/uploads\/2020\/12\/Hamilton-50x10.png 50w\" sizes=\"auto, (max-width:767px) 150px, 150px\" \/><\/p>\n<h1 class=\"page-title large\"><\/h1>\n<div class=\"product-main-attributes\">\n<p data-start=\"3159\" data-end=\"3556\">La Hamilton Jazzmaster Open Heart Auto H32675501 appartient \u00e0 la collection Jazzmaster et se distingue par un bo\u00eetier de 40 mm en acier inoxydable, d\u2019une \u00e9paisseur de 11,1 mm, associ\u00e9 \u00e0 un bracelet brun en cuir de veau. Son cadran champagne \u00e0 c\u0153ur ouvert met en valeur l\u2019architecture du mouvement et renforce l\u2019identit\u00e9 raffin\u00e9e de cette montre automatique.<\/p>\n<p data-start=\"3558\" data-end=\"3963\">Prot\u00e9g\u00e9 par un verre saphir avec traitement anti reflets, ce mod\u00e8le est anim\u00e9 par le calibre automatique Hamilton H-10. Il offre une r\u00e9serve de marche de 80 heures et int\u00e8gre un spiral en Nivachron. Le fond transparent prolonge l\u2019int\u00e9r\u00eat visuel de la pi\u00e8ce en laissant appara\u00eetre le mouvement. L\u2019\u00e9tanch\u00e9it\u00e9 est confirm\u00e9e \u00e0 5 ATM par la source francophone consult\u00e9e.<\/p>\n<p data-start=\"3965\" data-end=\"4360\">Avec son format de 40 mm, sa construction en acier inoxydable et son bracelet brun, cette Jazzmaster Open Heart Auto propose une pr\u00e9sence \u00e9quilibr\u00e9e au poignet. Son esth\u00e9tique habill\u00e9e, enrichie par l\u2019ouverture sur le mouvement, en fait une montre automatique suisse pens\u00e9e pour ceux qui recherchent \u00e0 la fois style classique et int\u00e9r\u00eat m\u00e9canique visible.<\/p>\n<\/div>\n<p><div class=\"alert alert_error\"><div class=\"alert_icon\"><svg viewBox=\"0 0 28 28\"><defs><style>.path{fill:none;stroke:#000;stroke-miterlimit:10;stroke-width:1.5px;}<\/style><\/defs><g><circle cx=\"14\" cy=\"20\" r=\"0.33\" class=\"path\"\/><line x1=\"14\" y1=\"8.72\" x2=\"14\" y2=\"16.72\" class=\"path\"\/><path d=\"M12.6,3.42,1.54,22.58A1.61,1.61,0,0,0,2.93,25H25.07a1.61,1.61,0,0,0,1.39-2.42L15.4,3.42A1.61,1.61,0,0,0,12.6,3.42Z\" class=\"path\"\/><\/g><\/svg><\/div><div class=\"alert_wrapper\">Le montant affich\u00e9 peut \u00eatre modifi\u00e9 par le fournisseur sans que nous en soyons inform\u00e9s. Une diff\u00e9rence entre le prix affich\u00e9 ici et en magasin reste possible.<\/div><a href=\"#\" class=\"close mfn-close-icon\"><span class=\"icon\">\u2715<\/span><\/a><\/div>\n<div class=\"alert alert_info\"><div class=\"alert_icon\"><svg viewBox=\"0 0 28 28\"><defs><style>.path{fill:none;stroke:#000;stroke-miterlimit:10;stroke-width:1.5px;}<\/style><\/defs><g><circle class=\"path\" cx=\"14\" cy=\"14\" r=\"12\"\/><path class=\"path\" d=\"M11.2,9.12a3.4,3.4,0,0,1,3-1.69,2.84,2.84,0,0,1,3,2.76,3.16,3.16,0,0,1-.84,2.23c-.63.74-1.58,1.18-2.19,1.88a1,1,0,0,0-.26.64v2.32\"\/><circle class=\"path\" cx=\"14\" cy=\"20\" r=\"0.33\"\/><\/g><\/svg><\/div><div class=\"alert_wrapper\">Faites vos demandes particuli\u00e8res ou passez votre commande via ce formulaire <\/div><a href=\"#\" class=\"close mfn-close-icon\"><span class=\"icon\">\u2715<\/span><\/a><\/div>\n <a class=\"button  button_size_3\" href=\"https:\/\/tempsetor.be\/galerie\/ma-commande\/\"     target=\"_blank\"    title=\"\"><span class=\"button_label\">&gt; Formulaire<\/span><\/a>\n<\/p>\n","protected":false},"featured_media":8973,"template":"","meta":{"_monsterinsights_skip_tracking":false,"_monsterinsights_sitenote_active":false,"_monsterinsights_sitenote_note":"","_monsterinsights_sitenote_category":0},"product_brand":[],"product_cat":[1628,40,39],"product_tag":[],"class_list":{"0":"post-8971","1":"product","2":"type-product","3":"status-publish","4":"has-post-thumbnail","6":"product_cat-hamilton-hommes","7":"product_cat-montres-hommes","8":"product_cat-hommes","10":"first","11":"instock","12":"shipping-taxable","13":"purchasable","14":"product-type-simple"},"_links":{"self":[{"href":"https:\/\/tempsetor.be\/galerie\/wp-json\/wp\/v2\/product\/8971","targetHints":{"allow":["GET"]}}],"collection":[{"href":"https:\/\/tempsetor.be\/galerie\/wp-json\/wp\/v2\/product"}],"about":[{"href":"https:\/\/tempsetor.be\/galerie\/wp-json\/wp\/v2\/types\/product"}],"wp:featuredmedia":[{"embeddable":true,"href":"https:\/\/tempsetor.be\/galerie\/wp-json\/wp\/v2\/media\/8973"}],"wp:attachment":[{"href":"https:\/\/tempsetor.be\/galerie\/wp-json\/wp\/v2\/media?parent=8971"}],"wp:term":[{"taxonomy":"product_brand","embeddable":true,"href":"https:\/\/tempsetor.be\/galerie\/wp-json\/wp\/v2\/product_brand?post=8971"},{"taxonomy":"product_cat","embeddable":true,"href":"https:\/\/tempsetor.be\/galerie\/wp-json\/wp\/v2\/product_cat?post=8971"},{"taxonomy":"product_tag","embeddable":true,"href":"https:\/\/tempsetor.be\/galerie\/wp-json\/wp\/v2\/product_tag?post=8971"}],"curies":[{"name":"wp","href":"https:\/\/api.w.org\/{rel}","templated":true}]}}