{"id":8983,"date":"2026-04-02T23:56:08","date_gmt":"2026-04-02T21:56:08","guid":{"rendered":"https:\/\/tempsetor.be\/galerie\/?post_type=product&#038;p=8983"},"modified":"2026-04-03T00:00:22","modified_gmt":"2026-04-02T22:00:22","slug":"montre-hommes-casio-edifice-efk-110d-2a","status":"publish","type":"product","link":"https:\/\/tempsetor.be\/galerie\/produit\/montre-hommes-casio-edifice-efk-110d-2a\/","title":{"rendered":"Montre hommes &#8211; Casio Edifice &#8211; EFK-110D-2A"},"content":{"rendered":"<p>La Casio EDIFICE EFK-110D-2AER s\u00e9duit par son cadran bleu fonc\u00e9 textur\u00e9, son bo\u00eetier acier de 38 mm, son verre saphir et son mouvement automatique avec remontage manuel. \u00c9tanche \u00e0 10 ATM, elle associe style sport chic, guichet date et r\u00e9serve de marche d\u2019environ 42 heures.<\/p>\n","protected":false},"excerpt":{"rendered":"<p><img loading=\"lazy\" decoding=\"async\" class=\"wp-image-4183 size-full alignleft\" src=\"https:\/\/tempsetor.be\/galerie\/wp-content\/uploads\/2018\/11\/casio-logo.png\" alt=\"casio logo\" width=\"150\" height=\"30\" srcset=\"https:\/\/tempsetor.be\/galerie\/wp-content\/uploads\/2018\/11\/casio-logo.png 150w, https:\/\/tempsetor.be\/galerie\/wp-content\/uploads\/2018\/11\/casio-logo-50x10.png 50w\" sizes=\"auto, (max-width:767px) 150px, 150px\" \/><\/p>\n<p data-start=\"6218\" data-end=\"6597\">La Casio EDIFICE EFK-110D-2AER est une montre automatique pour homme qui associe une pr\u00e9sence sportive \u00e0 une ex\u00e9cution \u00e9l\u00e9gante. Son bo\u00eetier en acier inoxydable de 43 \u00d7 38 \u00d7 11,8 mm s\u2019accompagne d\u2019un bracelet en acier inoxydable massif avec fermoir \u00e0 triple boucle d\u00e9ployante \u00e0 simple pression, pour un port\u00e9 stable et une ligne coh\u00e9rente.<\/p>\n<p data-start=\"6599\" data-end=\"6978\">Son cadran bleu fonc\u00e9 textur\u00e9, obtenu gr\u00e2ce \u00e0 une technique sp\u00e9ciale d\u2019\u00e9lectroformage, donne du relief \u00e0 l\u2019ensemble et affirme imm\u00e9diatement l\u2019identit\u00e9 du mod\u00e8le. Le verre saphir participe \u00e0 la nettet\u00e9 de lecture, tandis que les index en relief et le dos transparent viss\u00e9 renforcent la qualit\u00e9 per\u00e7ue et l\u2019int\u00e9r\u00eat visuel de cette EDIFICE.<\/p>\n<p data-start=\"6980\" data-end=\"7416\">Cette montre est anim\u00e9e par un mouvement automatique fabriqu\u00e9 au Japon avec remontage manuel. Elle propose un affichage analogique 3 aiguilles, un guichet date, une fonction stop seconde, 21 rubis et une fr\u00e9quence de 21 600 vibrations par heure. Sa r\u00e9serve de marche est d\u2019environ 42 heures, ce qui compl\u00e8te un ensemble pens\u00e9 pour une utilisation r\u00e9guli\u00e8re et appr\u00e9ci\u00e9e des amateurs de m\u00e9canique<\/p>\n<p>D\u00e9j\u00e0 garanties 2 ans, la bijouterie <strong>Temps &amp; OR<\/strong> vous apporte une confiance suppl\u00e9mentaire pour ces produits. Selon vos besoins, ces montres peuvent \u00eatre \u00e9galement r\u00e9serv\u00e9es \u00e0 la bijouterie. La mise \u00e0 mesure offerte ainsi qu&#8217;un emballage cadeau vous y seront propos\u00e9s.<\/p>\n<p><div class=\"alert alert_error\"><div class=\"alert_icon\"><svg viewBox=\"0 0 28 28\"><defs><style>.path{fill:none;stroke:#000;stroke-miterlimit:10;stroke-width:1.5px;}<\/style><\/defs><g><circle cx=\"14\" cy=\"20\" r=\"0.33\" class=\"path\"\/><line x1=\"14\" y1=\"8.72\" x2=\"14\" y2=\"16.72\" class=\"path\"\/><path d=\"M12.6,3.42,1.54,22.58A1.61,1.61,0,0,0,2.93,25H25.07a1.61,1.61,0,0,0,1.39-2.42L15.4,3.42A1.61,1.61,0,0,0,12.6,3.42Z\" class=\"path\"\/><\/g><\/svg><\/div><div class=\"alert_wrapper\">Le montant affich\u00e9 peut \u00eatre modifi\u00e9 par le fournisseur sans que nous en soyons inform\u00e9s. Une diff\u00e9rence entre le prix affich\u00e9 ici et en magasin reste possible.<\/div><a href=\"#\" class=\"close mfn-close-icon\"><span class=\"icon\">\u2715<\/span><\/a><\/div>\n<div class=\"alert alert_info\"><div class=\"alert_icon\"><svg viewBox=\"0 0 28 28\"><defs><style>.path{fill:none;stroke:#000;stroke-miterlimit:10;stroke-width:1.5px;}<\/style><\/defs><g><circle class=\"path\" cx=\"14\" cy=\"14\" r=\"12\"\/><path class=\"path\" d=\"M11.2,9.12a3.4,3.4,0,0,1,3-1.69,2.84,2.84,0,0,1,3,2.76,3.16,3.16,0,0,1-.84,2.23c-.63.74-1.58,1.18-2.19,1.88a1,1,0,0,0-.26.64v2.32\"\/><circle class=\"path\" cx=\"14\" cy=\"20\" r=\"0.33\"\/><\/g><\/svg><\/div><div class=\"alert_wrapper\">Faites vos demandes particuli\u00e8res ou passez votre commande via ce formulaire <\/div><a href=\"#\" class=\"close mfn-close-icon\"><span class=\"icon\">\u2715<\/span><\/a><\/div>\n <a class=\"button  button_size_3\" href=\"https:\/\/tempsetor.be\/galerie\/ma-commande\/\"     target=\"_blank\"    title=\"\"><span class=\"button_label\">&gt; Formulaire<\/span><\/a>\n<\/p>\n","protected":false},"featured_media":8984,"template":"","meta":{"_monsterinsights_skip_tracking":false,"_monsterinsights_sitenote_active":false,"_monsterinsights_sitenote_note":"","_monsterinsights_sitenote_category":0},"product_brand":[],"product_cat":[2726,40,39],"product_tag":[],"class_list":{"0":"post-8983","1":"product","2":"type-product","3":"status-publish","4":"has-post-thumbnail","6":"product_cat-casio-edifice-hommes","7":"product_cat-montres-hommes","8":"product_cat-hommes","10":"first","11":"instock","12":"shipping-taxable","13":"purchasable","14":"product-type-simple"},"_links":{"self":[{"href":"https:\/\/tempsetor.be\/galerie\/wp-json\/wp\/v2\/product\/8983","targetHints":{"allow":["GET"]}}],"collection":[{"href":"https:\/\/tempsetor.be\/galerie\/wp-json\/wp\/v2\/product"}],"about":[{"href":"https:\/\/tempsetor.be\/galerie\/wp-json\/wp\/v2\/types\/product"}],"wp:featuredmedia":[{"embeddable":true,"href":"https:\/\/tempsetor.be\/galerie\/wp-json\/wp\/v2\/media\/8984"}],"wp:attachment":[{"href":"https:\/\/tempsetor.be\/galerie\/wp-json\/wp\/v2\/media?parent=8983"}],"wp:term":[{"taxonomy":"product_brand","embeddable":true,"href":"https:\/\/tempsetor.be\/galerie\/wp-json\/wp\/v2\/product_brand?post=8983"},{"taxonomy":"product_cat","embeddable":true,"href":"https:\/\/tempsetor.be\/galerie\/wp-json\/wp\/v2\/product_cat?post=8983"},{"taxonomy":"product_tag","embeddable":true,"href":"https:\/\/tempsetor.be\/galerie\/wp-json\/wp\/v2\/product_tag?post=8983"}],"curies":[{"name":"wp","href":"https:\/\/api.w.org\/{rel}","templated":true}]}}