{"id":8998,"date":"2026-04-03T00:24:24","date_gmt":"2026-04-02T22:24:24","guid":{"rendered":"https:\/\/tempsetor.be\/galerie\/?post_type=product&#038;p=8998"},"modified":"2026-04-03T00:28:18","modified_gmt":"2026-04-02T22:28:18","slug":"montre-hommes-casio-edifice-efb-730d-3av","status":"publish","type":"product","link":"https:\/\/tempsetor.be\/galerie\/produit\/montre-hommes-casio-edifice-efb-730d-3av\/","title":{"rendered":"Montre hommes &#8211; Casio Edifice &#8211; EFB-730D-3AV"},"content":{"rendered":"<p>La Casio EDIFICE EFB-730D-3AVUEF associe un cadran vert clair, un bo\u00eetier en acier inoxydable, un verre saphir et un chronom\u00e8tre \u00e0 1 seconde dans un style sport chic affirm\u00e9. \u00c9tanche \u00e0 10 ATM, cette montre homme avec bracelet acier et guichet date offre une allure dynamique inspir\u00e9e des voitures de sport classiques.<\/p>\n","protected":false},"excerpt":{"rendered":"<p><img loading=\"lazy\" decoding=\"async\" class=\"wp-image-4183 size-full alignleft\" src=\"https:\/\/tempsetor.be\/galerie\/wp-content\/uploads\/2018\/11\/casio-logo.png\" alt=\"casio logo\" width=\"150\" height=\"30\" srcset=\"https:\/\/tempsetor.be\/galerie\/wp-content\/uploads\/2018\/11\/casio-logo.png 150w, https:\/\/tempsetor.be\/galerie\/wp-content\/uploads\/2018\/11\/casio-logo-50x10.png 50w\" sizes=\"auto, (max-width:767px) 150px, 150px\" \/><\/p>\n<p data-start=\"5237\" data-end=\"5712\">La Casio EDIFICE EFB-730D-3AVUEF est une montre homme con\u00e7ue pour ceux qui recherchent un chronographe \u00e0 la fois sportif et \u00e9l\u00e9gant. Son bo\u00eetier en acier inoxydable de 47 \u00d7 40 \u00d7 11 mm s\u2019associe \u00e0 un bracelet en acier inoxydable solide avec fermoir \u00e0 triple boucle d\u00e9ployante \u00e0 simple pression, pour une pr\u00e9sence structur\u00e9e et robuste au poignet. Le verre saphir compl\u00e8te cette construction en apportant une finition soign\u00e9e et durable.<\/p>\n<p data-start=\"5714\" data-end=\"6171\">Son cadran vert clair apporte une signature visuelle forte \u00e0 l\u2019ensemble. La disposition des trois cadrans encastr\u00e9s \u00e0 3, 6 et 9 heures renforce imm\u00e9diatement l\u2019identit\u00e9 sportive du mod\u00e8le, tandis que les index en forme de barres participent \u00e0 son esth\u00e9tique inspir\u00e9e des voitures de sport classiques. L\u2019ensemble conserve une allure \u00e9l\u00e9gante, pens\u00e9e pour passer facilement d\u2019un usage quotidien \u00e0 un cadre plus habill\u00e9.<\/p>\n<p data-start=\"6173\" data-end=\"6560\">Cette montre fonctionne avec un mouvement \u00e0 quartz offrant une autonomie approximative de 3 ans sur SR920SW et une pr\u00e9cision de \u00b120 secondes par mois. Elle propose un affichage analogique 3 aiguilles, un affichage de la date ainsi qu\u2019un chronom\u00e8tre \u00e0 1 seconde avec mesure du temps \u00e9coul\u00e9, du temps interm\u00e9diaire et des temps des 1re et 2e places.<\/p>\n<p data-start=\"6562\" data-end=\"6929\">Avec une \u00e9tanch\u00e9it\u00e9 de 10 ATM et un fond de bo\u00eetier viss\u00e9, la Casio EDIFICE EFB-730D-3AVUEF s\u2019inscrit dans une approche polyvalente, fiable et visuellement affirm\u00e9e. Ce mod\u00e8le met en avant le style EDIFICE dans une lecture sportive, pr\u00e9cise et contemporaine, port\u00e9e par un cadran distinctif et une construction acier coh\u00e9rente.<\/p>\n<p>D\u00e9j\u00e0 garanties 2 ans, la bijouterie <strong>Temps &amp; OR<\/strong> vous apporte une confiance suppl\u00e9mentaire pour ces produits. Selon vos besoins, ces montres peuvent \u00eatre \u00e9galement r\u00e9serv\u00e9es \u00e0 la bijouterie. La mise \u00e0 mesure offerte ainsi qu&#8217;un emballage cadeau vous y seront propos\u00e9s.<\/p>\n<p><div class=\"alert alert_error\"><div class=\"alert_icon\"><svg viewBox=\"0 0 28 28\"><defs><style>.path{fill:none;stroke:#000;stroke-miterlimit:10;stroke-width:1.5px;}<\/style><\/defs><g><circle cx=\"14\" cy=\"20\" r=\"0.33\" class=\"path\"\/><line x1=\"14\" y1=\"8.72\" x2=\"14\" y2=\"16.72\" class=\"path\"\/><path d=\"M12.6,3.42,1.54,22.58A1.61,1.61,0,0,0,2.93,25H25.07a1.61,1.61,0,0,0,1.39-2.42L15.4,3.42A1.61,1.61,0,0,0,12.6,3.42Z\" class=\"path\"\/><\/g><\/svg><\/div><div class=\"alert_wrapper\">Le montant affich\u00e9 peut \u00eatre modifi\u00e9 par le fournisseur sans que nous en soyons inform\u00e9s. Une diff\u00e9rence entre le prix affich\u00e9 ici et en magasin reste possible.<\/div><a href=\"#\" class=\"close mfn-close-icon\"><span class=\"icon\">\u2715<\/span><\/a><\/div>\n<div class=\"alert alert_info\"><div class=\"alert_icon\"><svg viewBox=\"0 0 28 28\"><defs><style>.path{fill:none;stroke:#000;stroke-miterlimit:10;stroke-width:1.5px;}<\/style><\/defs><g><circle class=\"path\" cx=\"14\" cy=\"14\" r=\"12\"\/><path class=\"path\" d=\"M11.2,9.12a3.4,3.4,0,0,1,3-1.69,2.84,2.84,0,0,1,3,2.76,3.16,3.16,0,0,1-.84,2.23c-.63.74-1.58,1.18-2.19,1.88a1,1,0,0,0-.26.64v2.32\"\/><circle class=\"path\" cx=\"14\" cy=\"20\" r=\"0.33\"\/><\/g><\/svg><\/div><div class=\"alert_wrapper\">Faites vos demandes particuli\u00e8res ou passez votre commande via ce formulaire <\/div><a href=\"#\" class=\"close mfn-close-icon\"><span class=\"icon\">\u2715<\/span><\/a><\/div>\n <a class=\"button  button_size_3\" href=\"https:\/\/tempsetor.be\/galerie\/ma-commande\/\"     target=\"_blank\"    title=\"\"><span class=\"button_label\">&gt; Formulaire<\/span><\/a>\n<\/p>\n","protected":false},"featured_media":8999,"template":"","meta":{"_monsterinsights_skip_tracking":false,"_monsterinsights_sitenote_active":false,"_monsterinsights_sitenote_note":"","_monsterinsights_sitenote_category":0},"product_brand":[],"product_cat":[2726,40,39],"product_tag":[],"class_list":{"0":"post-8998","1":"product","2":"type-product","3":"status-publish","4":"has-post-thumbnail","6":"product_cat-casio-edifice-hommes","7":"product_cat-montres-hommes","8":"product_cat-hommes","10":"first","11":"instock","12":"shipping-taxable","13":"purchasable","14":"product-type-simple"},"_links":{"self":[{"href":"https:\/\/tempsetor.be\/galerie\/wp-json\/wp\/v2\/product\/8998","targetHints":{"allow":["GET"]}}],"collection":[{"href":"https:\/\/tempsetor.be\/galerie\/wp-json\/wp\/v2\/product"}],"about":[{"href":"https:\/\/tempsetor.be\/galerie\/wp-json\/wp\/v2\/types\/product"}],"wp:featuredmedia":[{"embeddable":true,"href":"https:\/\/tempsetor.be\/galerie\/wp-json\/wp\/v2\/media\/8999"}],"wp:attachment":[{"href":"https:\/\/tempsetor.be\/galerie\/wp-json\/wp\/v2\/media?parent=8998"}],"wp:term":[{"taxonomy":"product_brand","embeddable":true,"href":"https:\/\/tempsetor.be\/galerie\/wp-json\/wp\/v2\/product_brand?post=8998"},{"taxonomy":"product_cat","embeddable":true,"href":"https:\/\/tempsetor.be\/galerie\/wp-json\/wp\/v2\/product_cat?post=8998"},{"taxonomy":"product_tag","embeddable":true,"href":"https:\/\/tempsetor.be\/galerie\/wp-json\/wp\/v2\/product_tag?post=8998"}],"curies":[{"name":"wp","href":"https:\/\/api.w.org\/{rel}","templated":true}]}}