{"id":9011,"date":"2026-04-08T22:47:04","date_gmt":"2026-04-08T20:47:04","guid":{"rendered":"https:\/\/tempsetor.be\/galerie\/?post_type=product&#038;p=9011"},"modified":"2026-04-08T23:02:11","modified_gmt":"2026-04-08T21:02:11","slug":"bougie-baobab-my-first-baobab-tomorrowland-2026","status":"publish","type":"product","link":"https:\/\/tempsetor.be\/galerie\/produit\/bougie-baobab-my-first-baobab-tomorrowland-2026\/","title":{"rendered":"Bougie Baobab &#8211; My First Baobab Tomorrowland 2026"},"content":{"rendered":"<p>La bougie parfum\u00e9e My First Baobab Tomorrowland 2026 r\u00e9unit l\u2019univers f\u00e9erique de Tomorrowland et l\u2019\u00e9l\u00e9gance d\u00e9corative de Baobab Collection dans un format raffin\u00e9. Son verre bleu profond, rehauss\u00e9 d\u2019illustrations dor\u00e9es appliqu\u00e9es \u00e0 la main, s\u2019accompagne d\u2019un parfum frais et printanier aux accents de poire, de muguet et de mousse.<\/p>\n","protected":false},"excerpt":{"rendered":"<p><img loading=\"lazy\" decoding=\"async\" class=\"size-full wp-image-4311 alignleft\" src=\"https:\/\/tempsetor.be\/galerie\/wp-content\/uploads\/2019\/03\/baobab.jpg\" alt=\"logo Baobab\" width=\"128\" height=\"142\" srcset=\"https:\/\/tempsetor.be\/galerie\/wp-content\/uploads\/2019\/03\/baobab.jpg 128w, https:\/\/tempsetor.be\/galerie\/wp-content\/uploads\/2019\/03\/baobab-45x50.jpg 45w, https:\/\/tempsetor.be\/galerie\/wp-content\/uploads\/2019\/03\/baobab-68x75.jpg 68w\" sizes=\"auto, (max-width:767px) 128px, 128px\" \/><\/p>\n<p data-start=\"1893\" data-end=\"2459\">La bougie parfum\u00e9e My First Baobab Tomorrowland 2026 de Baobab Collection incarne une rencontre subtile entre cr\u00e9ation d\u00e9corative et univers imaginaire. Pr\u00e9sent\u00e9e dans un bleu profond raffin\u00e9, elle se distingue par ses illustrations dor\u00e9es appliqu\u00e9es \u00e0 la main, inspir\u00e9es des th\u00e8mes l\u00e9gendaires de Tomorrowland. L\u2019Arbre M\u00e8re, les oiseaux mythiques, les papillons et les cr\u00e9atures marines de Planaxis s\u2019y d\u00e9ploient dans une composition visuelle riche, pens\u00e9e comme une v\u00e9ritable symphonie de transformation et d\u2019\u00e9merveillement.<\/p>\n<p data-start=\"2461\" data-end=\"2996\">Cette bougie s\u2019inscrit dans la ligne My First Baobab et r\u00e9v\u00e8le une identit\u00e9 aussi esth\u00e9tique qu\u2019olfactive. Son parfum appartient \u00e0 la famille verte et d\u00e9veloppe un sillage frais et printanier. La poire ouvre la fragrance avec une note vive et croquante. Le muguet apporte ensuite une d\u00e9licatesse florale lumineuse. La mousse vient prolonger l\u2019ensemble par une profondeur naturelle, inspir\u00e9e de l\u2019herbe fra\u00eechement coup\u00e9e et des paysages verdoyants des Flandres autour du domaine de Tomorrowland.<\/p>\n<p data-start=\"2998\" data-end=\"3340\">V\u00e9ritable objet d\u2019ambiance, la bougie parfum\u00e9e My First Baobab Tomorrowland 2026 marie la po\u00e9sie d\u2019un d\u00e9cor pr\u00e9cieux \u00e0 une fra\u00eecheur v\u00e9g\u00e9tale raffin\u00e9e. Elle trouve naturellement sa place dans un int\u00e9rieur \u00e9l\u00e9gant, o\u00f9 elle diffuse une atmosph\u00e8re lumineuse, d\u00e9licate et inspir\u00e9e par la magie du festival.<\/p>\n<div class=\"icon_box_jmn\">\n<p><div class=\"alert alert_error\"><div class=\"alert_icon\"><svg viewBox=\"0 0 28 28\"><defs><style>.path{fill:none;stroke:#000;stroke-miterlimit:10;stroke-width:1.5px;}<\/style><\/defs><g><circle cx=\"14\" cy=\"20\" r=\"0.33\" class=\"path\"\/><line x1=\"14\" y1=\"8.72\" x2=\"14\" y2=\"16.72\" class=\"path\"\/><path d=\"M12.6,3.42,1.54,22.58A1.61,1.61,0,0,0,2.93,25H25.07a1.61,1.61,0,0,0,1.39-2.42L15.4,3.42A1.61,1.61,0,0,0,12.6,3.42Z\" class=\"path\"\/><\/g><\/svg><\/div><div class=\"alert_wrapper\">Le montant affich\u00e9 peut \u00eatre modifi\u00e9 par le fournisseur sans que nous en soyons inform\u00e9s. Une diff\u00e9rence entre le prix affich\u00e9 ici et en magasin reste possible.<\/div><a href=\"#\" class=\"close mfn-close-icon\"><span class=\"icon\">\u2715<\/span><\/a><\/div>\n<div class=\"alert alert_info\"><div class=\"alert_icon\"><svg viewBox=\"0 0 28 28\"><defs><style>.path{fill:none;stroke:#000;stroke-miterlimit:10;stroke-width:1.5px;}<\/style><\/defs><g><circle class=\"path\" cx=\"14\" cy=\"14\" r=\"12\"\/><path class=\"path\" d=\"M11.2,9.12a3.4,3.4,0,0,1,3-1.69,2.84,2.84,0,0,1,3,2.76,3.16,3.16,0,0,1-.84,2.23c-.63.74-1.58,1.18-2.19,1.88a1,1,0,0,0-.26.64v2.32\"\/><circle class=\"path\" cx=\"14\" cy=\"20\" r=\"0.33\"\/><\/g><\/svg><\/div><div class=\"alert_wrapper\">Faites vos demandes particuli\u00e8res ou passez votre commande via ce formulaire <\/div><a href=\"#\" class=\"close mfn-close-icon\"><span class=\"icon\">\u2715<\/span><\/a><\/div>\n <a class=\"button  button_size_3\" href=\"https:\/\/tempsetor.be\/galerie\/ma-commande\/\"     target=\"_blank\"    title=\"\"><span class=\"button_label\">&gt; Formulaire<\/span><\/a>\n<\/p>\n<\/div>\n","protected":false},"featured_media":9013,"template":"","meta":{"_monsterinsights_skip_tracking":false,"_monsterinsights_sitenote_active":false,"_monsterinsights_sitenote_note":"","_monsterinsights_sitenote_category":0},"product_brand":[],"product_cat":[1070,903,1005],"product_tag":[],"class_list":{"0":"post-9011","1":"product","2":"type-product","3":"status-publish","4":"has-post-thumbnail","6":"product_cat-accessoirelifestyle","7":"product_cat-baobab","8":"product_cat-baobab-bougies","10":"first","11":"instock","12":"shipping-taxable","13":"purchasable","14":"product-type-simple"},"_links":{"self":[{"href":"https:\/\/tempsetor.be\/galerie\/wp-json\/wp\/v2\/product\/9011","targetHints":{"allow":["GET"]}}],"collection":[{"href":"https:\/\/tempsetor.be\/galerie\/wp-json\/wp\/v2\/product"}],"about":[{"href":"https:\/\/tempsetor.be\/galerie\/wp-json\/wp\/v2\/types\/product"}],"wp:featuredmedia":[{"embeddable":true,"href":"https:\/\/tempsetor.be\/galerie\/wp-json\/wp\/v2\/media\/9013"}],"wp:attachment":[{"href":"https:\/\/tempsetor.be\/galerie\/wp-json\/wp\/v2\/media?parent=9011"}],"wp:term":[{"taxonomy":"product_brand","embeddable":true,"href":"https:\/\/tempsetor.be\/galerie\/wp-json\/wp\/v2\/product_brand?post=9011"},{"taxonomy":"product_cat","embeddable":true,"href":"https:\/\/tempsetor.be\/galerie\/wp-json\/wp\/v2\/product_cat?post=9011"},{"taxonomy":"product_tag","embeddable":true,"href":"https:\/\/tempsetor.be\/galerie\/wp-json\/wp\/v2\/product_tag?post=9011"}],"curies":[{"name":"wp","href":"https:\/\/api.w.org\/{rel}","templated":true}]}}