{"id":9014,"date":"2026-04-14T20:16:03","date_gmt":"2026-04-14T18:16:03","guid":{"rendered":"https:\/\/tempsetor.be\/galerie\/?post_type=product&#038;p=9014"},"modified":"2026-04-14T20:24:30","modified_gmt":"2026-04-14T18:24:30","slug":"montre-hommes-hamilton-khaki-field-king-day-date-h64475160","status":"publish","type":"product","link":"https:\/\/tempsetor.be\/galerie\/produit\/montre-hommes-hamilton-khaki-field-king-day-date-h64475160\/","title":{"rendered":"Montre hommes Hamilton &#8211; Khaki Field King Day-Date &#8211; H64475160"},"content":{"rendered":"<p>La Hamilton Khaki Field King Day-Date H64475160 associe un bo\u00eetier acier de 40 mm, un cadran vert kaki bross\u00e9 soleill\u00e9, un mouvement automatique H-40 et une r\u00e9serve de marche de 80 heures. Son bracelet acier et son \u00e9tanch\u00e9it\u00e9 de 10 ATM renforcent son caract\u00e8re robuste et polyvalent.<\/p>\n","protected":false},"excerpt":{"rendered":"<p><img loading=\"lazy\" decoding=\"async\" class=\"size-full wp-image-5425 alignleft\" src=\"https:\/\/www.tempsetor.be\/galerie\/wp-content\/uploads\/2020\/12\/Hamilton.png\" alt=\"logo Hamilton\" width=\"150\" height=\"29\" srcset=\"https:\/\/tempsetor.be\/galerie\/wp-content\/uploads\/2020\/12\/Hamilton.png 150w, https:\/\/tempsetor.be\/galerie\/wp-content\/uploads\/2020\/12\/Hamilton-50x10.png 50w\" sizes=\"auto, (max-width:767px) 150px, 150px\" \/><\/p>\n<h1 class=\"page-title large\"><\/h1>\n<div class=\"product-main-attributes\">\n<p data-start=\"3033\" data-end=\"3510\">La Hamilton Khaki Field King Day-Date H64475160 revisite l\u2019esprit militaire dans une version contemporaine et affirm\u00e9e. Son bo\u00eetier en acier inoxydable de 40 mm accueille un cadran vert kaki bross\u00e9 soleill\u00e9, anim\u00e9 par de grands chiffres arabes et un affichage jour-date \u00e0 12 heures qui signe imm\u00e9diatement l\u2019identit\u00e9 du mod\u00e8le. Le verre saphir antireflet am\u00e9liore la lisibilit\u00e9 au quotidien tout en renfor\u00e7ant la protection de la montre.<\/p>\n<p data-start=\"3512\" data-end=\"3981\">Anim\u00e9e par le mouvement automatique Hamilton H-40, cette montre offre une r\u00e9serve de marche de 80 heures et int\u00e8gre le Nivachron. Son bracelet en acier inoxydable avec r\u00e9glage EasyClick compl\u00e8te une silhouette solide, fonctionnelle et \u00e9quilibr\u00e9e. Avec son \u00e9tanch\u00e9it\u00e9 de 10 ATM, cette Khaki Field King accompagne aussi bien le rythme quotidien qu\u2019un usage plus actif, tout en conservant une pr\u00e9sence nette et ma\u00eetris\u00e9e au poignet.<\/p>\n<\/div>\n<p><div class=\"alert alert_error\"><div class=\"alert_icon\"><svg viewBox=\"0 0 28 28\"><defs><style>.path{fill:none;stroke:#000;stroke-miterlimit:10;stroke-width:1.5px;}<\/style><\/defs><g><circle cx=\"14\" cy=\"20\" r=\"0.33\" class=\"path\"\/><line x1=\"14\" y1=\"8.72\" x2=\"14\" y2=\"16.72\" class=\"path\"\/><path d=\"M12.6,3.42,1.54,22.58A1.61,1.61,0,0,0,2.93,25H25.07a1.61,1.61,0,0,0,1.39-2.42L15.4,3.42A1.61,1.61,0,0,0,12.6,3.42Z\" class=\"path\"\/><\/g><\/svg><\/div><div class=\"alert_wrapper\">Le montant affich\u00e9 peut \u00eatre modifi\u00e9 par le fournisseur sans que nous en soyons inform\u00e9s. Une diff\u00e9rence entre le prix affich\u00e9 ici et en magasin reste possible.<\/div><a href=\"#\" class=\"close mfn-close-icon\"><span class=\"icon\">\u2715<\/span><\/a><\/div>\n<div class=\"alert alert_info\"><div class=\"alert_icon\"><svg viewBox=\"0 0 28 28\"><defs><style>.path{fill:none;stroke:#000;stroke-miterlimit:10;stroke-width:1.5px;}<\/style><\/defs><g><circle class=\"path\" cx=\"14\" cy=\"14\" r=\"12\"\/><path class=\"path\" d=\"M11.2,9.12a3.4,3.4,0,0,1,3-1.69,2.84,2.84,0,0,1,3,2.76,3.16,3.16,0,0,1-.84,2.23c-.63.74-1.58,1.18-2.19,1.88a1,1,0,0,0-.26.64v2.32\"\/><circle class=\"path\" cx=\"14\" cy=\"20\" r=\"0.33\"\/><\/g><\/svg><\/div><div class=\"alert_wrapper\">Faites vos demandes particuli\u00e8res ou passez votre commande via ce formulaire <\/div><a href=\"#\" class=\"close mfn-close-icon\"><span class=\"icon\">\u2715<\/span><\/a><\/div>\n <a class=\"button  button_size_3\" href=\"https:\/\/tempsetor.be\/galerie\/ma-commande\/\"     target=\"_blank\"    title=\"\"><span class=\"button_label\">&gt; Formulaire<\/span><\/a>\n<\/p>\n","protected":false},"featured_media":9015,"template":"","meta":{"_monsterinsights_skip_tracking":false,"_monsterinsights_sitenote_active":false,"_monsterinsights_sitenote_note":"","_monsterinsights_sitenote_category":0},"product_brand":[],"product_cat":[1628,40,39],"product_tag":[],"class_list":{"0":"post-9014","1":"product","2":"type-product","3":"status-publish","4":"has-post-thumbnail","6":"product_cat-hamilton-hommes","7":"product_cat-montres-hommes","8":"product_cat-hommes","10":"first","11":"instock","12":"shipping-taxable","13":"purchasable","14":"product-type-simple"},"_links":{"self":[{"href":"https:\/\/tempsetor.be\/galerie\/wp-json\/wp\/v2\/product\/9014","targetHints":{"allow":["GET"]}}],"collection":[{"href":"https:\/\/tempsetor.be\/galerie\/wp-json\/wp\/v2\/product"}],"about":[{"href":"https:\/\/tempsetor.be\/galerie\/wp-json\/wp\/v2\/types\/product"}],"wp:featuredmedia":[{"embeddable":true,"href":"https:\/\/tempsetor.be\/galerie\/wp-json\/wp\/v2\/media\/9015"}],"wp:attachment":[{"href":"https:\/\/tempsetor.be\/galerie\/wp-json\/wp\/v2\/media?parent=9014"}],"wp:term":[{"taxonomy":"product_brand","embeddable":true,"href":"https:\/\/tempsetor.be\/galerie\/wp-json\/wp\/v2\/product_brand?post=9014"},{"taxonomy":"product_cat","embeddable":true,"href":"https:\/\/tempsetor.be\/galerie\/wp-json\/wp\/v2\/product_cat?post=9014"},{"taxonomy":"product_tag","embeddable":true,"href":"https:\/\/tempsetor.be\/galerie\/wp-json\/wp\/v2\/product_tag?post=9014"}],"curies":[{"name":"wp","href":"https:\/\/api.w.org\/{rel}","templated":true}]}}